{"id":33,"date":"2020-06-15T13:14:26","date_gmt":"2020-06-15T11:14:26","guid":{"rendered":"http:\/\/ferienwohnung.amd-net.de\/?page_id=33"},"modified":"2020-06-15T15:20:45","modified_gmt":"2020-06-15T13:20:45","slug":"buchungsanfrage","status":"publish","type":"page","link":"https:\/\/ferienwohnung.amd-net.de\/index.php\/buchungsanfrage\/","title":{"rendered":"Buchungsanfrage"},"content":{"rendered":"<p>Mit diesem Formular k\u00f6nnen Sie mit uns Kontakt aufnehmen und die Villa f\u00fcr Ihren gew\u00fcnschten Zeitraum reservieren.<\/p>\n\n\t<!-- Advanced Booking Calendar Booking Form - https:\/\/booking-calendar-plugin.com -->\n\t\n\t<div id=\"abc-form-wrapper\">\n\t\t<img alt=\"Wird geladen...\" src=\"https:\/\/ferienwohnung.amd-net.de\/wp-admin\/images\/wpspin_light.gif\" align=\"middle\" class=\"waiting\" id=\"abc_bookinform_loading\" style=\"display:none\" \/>\t\t\t\t\n\t\t<div id=\"abc-form-content\">\n\t\t\t<div class=\"abc-column\">\n\t\t\t\t<form class=\"abc-form\"  method=\"post\">\n\t\t\t\t\t<label for=\"abc-from\">Anreise<\/label>\n\t\t\t\t\t<div class=\"abc-input-fa\">\n\t\t\t\t\t\t<span class=\"fa fa-calendar\"><\/span>\n\t\t\t\t\t\t<input id=\"abc-from\" name=\"abc-from\" readonly=\"true\" class=\"abc-from\" value=\"\">\n\t\t\t\t\t<\/div>\n\t\t\t\t\t<label for=\"abc-to\">Abreise<\/label>\n\t\t\t\t\t<div class=\"abc-input-fa\">\n\t\t\t\t\t\t<span class=\"fa fa-calendar\"><\/span>\n\t\t\t\t\t\t<input id=\"abc-to\" name=\"abc-to\" readonly=\"true\" class=\"abc-to\" value=\"\">\n\t\t\t\t\t<\/div>\n\t\t\t<\/div>\t\t\t\n\t\t\t<div class=\"abc-column abc-form\">\t\n\t\t\t\t\t<label for=\"abc-persons\">Personen<\/label>\n\t\t\t\t\t<div class=\"abc-input-fa\">\n\t\t\t\t\t\t<span class=\"fa fa-female abc-guest1\"><\/span>\n\t\t\t\t\t\t<span class=\"fa fa-male abc-guest2\"><\/span>\n\t\t\t\t\t\t<select id=\"abc-persons\" name=\"abc-persons\">\n\t\t\t\t\t\t\t<option value=\"1\" selected>1<\/option><option value=\"2\">2<\/option><option value=\"3\">3<\/option><option value=\"4\">4<\/option><option value=\"5\">5<\/option><option value=\"6\">6<\/option>\n\t\t\t\t\t\t<\/select>\n\t\t\t\t\t<\/div>\n\t\t\t\t\t<input id=\"abcPostTrigger\" type=\"hidden\" name=\"abcPostTrigger\" value=\"0\">\t\n\t\t\t\t\t<input id=\"abcPostCalendarId\" type=\"hidden\" name=\"abcPostCalendarId\" value=\"\">\t\n\t\t\t\t<\/form>\t\n\t\t\t<\/div>\n\t\t\t<div class=\"abc-form-row\">\n\t\t\t\t<button class=\"abc-submit\" id=\"abc-check-availabilities\"><span id=\"abc-submit-button\" class=\"abc-submit-text\">Verf\u00fcgbarkeiten pr\u00fcfen<\/span><span class=\"abc-submit-loading\" >Wird geladen...<\/span><\/button>\n\t\t\t\t<button class=\"abc-submit\" id=\"abc-back-to-availabilities\" style=\"display: none;\"><span class=\"abc-submit-text\">Bearbeiten<\/span><\/button>\n\t\t\t<\/div>\t\n\t\t\t\n\t\t\t<div id=\"abc-bookingresults\"><\/div>\n\t\t<\/div><\/div>\n","protected":false},"excerpt":{"rendered":"<p>Mit diesem Formular k\u00f6nnen Sie mit uns Kontakt aufnehmen und die Villa f\u00fcr Ihren gew\u00fcnschten Zeitraum reservieren.<\/p>\n","protected":false},"author":1,"featured_media":0,"parent":0,"menu_order":0,"comment_status":"closed","ping_status":"closed","template":"","meta":[],"_links":{"self":[{"href":"https:\/\/ferienwohnung.amd-net.de\/index.php\/wp-json\/wp\/v2\/pages\/33"}],"collection":[{"href":"https:\/\/ferienwohnung.amd-net.de\/index.php\/wp-json\/wp\/v2\/pages"}],"about":[{"href":"https:\/\/ferienwohnung.amd-net.de\/index.php\/wp-json\/wp\/v2\/types\/page"}],"author":[{"embeddable":true,"href":"https:\/\/ferienwohnung.amd-net.de\/index.php\/wp-json\/wp\/v2\/users\/1"}],"replies":[{"embeddable":true,"href":"https:\/\/ferienwohnung.amd-net.de\/index.php\/wp-json\/wp\/v2\/comments?post=33"}],"version-history":[{"count":2,"href":"https:\/\/ferienwohnung.amd-net.de\/index.php\/wp-json\/wp\/v2\/pages\/33\/revisions"}],"predecessor-version":[{"id":40,"href":"https:\/\/ferienwohnung.amd-net.de\/index.php\/wp-json\/wp\/v2\/pages\/33\/revisions\/40"}],"wp:attachment":[{"href":"https:\/\/ferienwohnung.amd-net.de\/index.php\/wp-json\/wp\/v2\/media?parent=33"}],"curies":[{"name":"wp","href":"https:\/\/api.w.org\/{rel}","templated":true}]}}