{"id":17,"date":"2020-05-29T14:25:08","date_gmt":"2020-05-29T12:25:08","guid":{"rendered":"http:\/\/ferienwohnung.amd-net.de\/?page_id=17"},"modified":"2020-06-02T09:44:22","modified_gmt":"2020-06-02T07:44:22","slug":"lage","status":"publish","type":"page","link":"https:\/\/ferienwohnung.amd-net.de\/index.php\/lage\/","title":{"rendered":"Lage"},"content":{"rendered":"<p>Diese Luxus-Villa befindet sich in einer der Top-Lagen von Alanya, in Kargicak.<\/p>\n<div style=\"float: center;\"><iframe loading=\"lazy\" src=\"https:\/\/www.google.com\/maps\/embed?pb=!1m18!1m12!1m3!1d25663.34921427206!2d32.12044007080979!3d36.483680829912736!2m3!1f0!2f0!3f0!3m2!1i1024!2i768!4f13.1!3m3!1m2!1s0x14dc908ec6faa62b%3A0x91b2cac03a5ec1d8!2zS2FyZ8SxY2FrLCBBbGFueWEvQW50YWx5YSwgVMO8cmtlaQ!5e0!3m2!1sde!2sde!4v1591083790075!5m2!1sde!2sde\" width=\"600\" height=\"450\" frameborder=\"0\" style=\"border:0;\" allowfullscreen=\"\" aria-hidden=\"false\" tabindex=\"0\"><\/iframe><\/div>\n<p>Der Ort z\u00e4hlt zu den VillenGegenden und bietet unverbaubaren Blick auf die Natur und das t\u00fcrkisfarbene Meer. In naher Umgebung finden Sie Einkaufsm\u00f6glichkeiten f\u00fcr die Sachen des t\u00e4glichen Bedarfs. <\/p>\n<p>In wenigen Autominuten erreichen Sie den Strand.<\/p>\n<p>Die Lage der Villa ist gut gew\u00e4hlt. Von hier k\u00f6nnen Sie einen fantastischen Ausblick auf das Mittelmeer genie\u00dfen.<\/p>\n<p>Das Haus befindet sich mitten in der Natur und bietet f\u00fcr die Ruhe- und Naturliebhaber ein paradiesisches Zuhause.<\/p>\n","protected":false},"excerpt":{"rendered":"<p>Diese Luxus-Villa befindet sich in einer der Top-Lagen von Alanya, in Kargicak. Der Ort z\u00e4hlt zu den VillenGegenden und bietet unverbaubaren Blick auf die Natur und das t\u00fcrkisfarbene Meer. In naher Umgebung finden Sie Einkaufsm\u00f6glichkeiten &hellip;<\/p>\n","protected":false},"author":1,"featured_media":0,"parent":0,"menu_order":0,"comment_status":"closed","ping_status":"closed","template":"","meta":[],"_links":{"self":[{"href":"https:\/\/ferienwohnung.amd-net.de\/index.php\/wp-json\/wp\/v2\/pages\/17"}],"collection":[{"href":"https:\/\/ferienwohnung.amd-net.de\/index.php\/wp-json\/wp\/v2\/pages"}],"about":[{"href":"https:\/\/ferienwohnung.amd-net.de\/index.php\/wp-json\/wp\/v2\/types\/page"}],"author":[{"embeddable":true,"href":"https:\/\/ferienwohnung.amd-net.de\/index.php\/wp-json\/wp\/v2\/users\/1"}],"replies":[{"embeddable":true,"href":"https:\/\/ferienwohnung.amd-net.de\/index.php\/wp-json\/wp\/v2\/comments?post=17"}],"version-history":[{"count":3,"href":"https:\/\/ferienwohnung.amd-net.de\/index.php\/wp-json\/wp\/v2\/pages\/17\/revisions"}],"predecessor-version":[{"id":31,"href":"https:\/\/ferienwohnung.amd-net.de\/index.php\/wp-json\/wp\/v2\/pages\/17\/revisions\/31"}],"wp:attachment":[{"href":"https:\/\/ferienwohnung.amd-net.de\/index.php\/wp-json\/wp\/v2\/media?parent=17"}],"curies":[{"name":"wp","href":"https:\/\/api.w.org\/{rel}","templated":true}]}}