{"id":13,"date":"2020-05-29T14:24:12","date_gmt":"2020-05-29T12:24:12","guid":{"rendered":"http:\/\/ferienwohnung.amd-net.de\/?page_id=13"},"modified":"2020-08-16T12:49:19","modified_gmt":"2020-08-16T10:49:19","slug":"ausstattung","status":"publish","type":"page","link":"https:\/\/ferienwohnung.amd-net.de\/index.php\/ausstattung\/","title":{"rendered":"Ausstattung"},"content":{"rendered":"<p><strong>Traumvilla mit Meerblick bei Alanya in Kargicak<\/strong><\/p>\n<p><h5>Ausblick<\/h5>\n<div style=\"float:right; margin-left: 30px; margin-bottom: 30px;\">\n<img loading=\"lazy\" src=\"http:\/\/ferienwohnung.amd-net.de\/wp-content\/uploads\/2020\/08\/Traumvilla-4.jpg\" alt=\"\" width=\"500\" height=\"\" class=\"alignnone size-medium wp-image-160\" \/><\/div>\n<p>Besonders sch\u00f6n ist der unvergleichliche Blick von der \u00fcberdachten Veranda auf die t\u00fcrkische Riviera. Einmalig und ganz besonders ist diese Aussicht auf ein breites Meerespanorama. Sowohl tags\u00fcber bei herrlichem Sonnenschein als auch im Abendlicht, wenn die Sonne im Meer untergeht.<\/p>\n<p>Auch in den Abendstunden genie\u00dfen Sie den Blick auf Kargicak (einem Villen-Vorort) und den weiteren baulichen Ausl\u00e4ufern von der gr\u00f6\u00dferen Stadt Alanya, die Sie mit einem Dolmus (t\u00fcrkisches Sammeltaxi) in 15 Minuten erreichen k\u00f6nnen.\n<\/p>\n<p><h5>Pool\/Jacuzzi<\/h5>\n<div style=\"float:left; margin-right: 30px; margin-bottom: 30px;\">\n<img loading=\"lazy\" src=\"http:\/\/ferienwohnung.amd-net.de\/wp-content\/uploads\/2020\/08\/Traumvilla-pool-500.jpg\" alt=\"\" width=\"500\" height=\"\" class=\"alignnone size-medium wp-image-160\" \/><\/div>\n<p>Der riesengro\u00dfe Swimmingpool mit 60 qm\u00b2 wartet schon auf Sie, Familie und Ihre Freunde. Auch der (Au\u00dfen-) Jacuzzi l\u00e4dt zum verweilen und genie\u00dfen ein.<\/p>\n<p>Im Garten haben sie nat\u00fcrlich auch eine geborgene Sitzecke nebst Au\u00dfenkamin und Grillfunktion. Das insgesamt 700 m\u00b2 gro\u00dfe Hang-Grundst\u00fcck ist zu Ihrer alleinigen Verf\u00fcgung. Eine abendliche Au\u00dfenbeleuchtung Rund um die Villa rundet das perfekte Bild ab.\n<\/p>\n<p><h5>Wohnbereich<\/h5>\n<div style=\"float:right; margin-left: 30px; margin-bottom: 30px;\">\n<img loading=\"lazy\" src=\"http:\/\/ferienwohnung.amd-net.de\/wp-content\/uploads\/2020\/08\/Traumvilla-wohnen-500.jpg\" alt=\"\" width=\"500\" height=\"\" class=\"alignnone size-medium wp-image-160\" \/><\/div>\n<p>Besonders von innen erleben Sie aber auch die unverwechselbare <strong>Aussicht<\/strong> dank der besonders breiten Fensterfronten. Zwei gro\u00dfe gew\u00f6lbte Glaserker verst\u00e4rken sogar noch die Aufsicht auf das Meer, bzw. in das zur\u00fcckliegende Taunus-Gebirge.<\/p>\n<p>Der riesengro\u00dfe Wohn- Essbereich verf\u00fcgt \u00fcber eine moderne wei\u00dfe Einbauk\u00fcche mit praktischer Kochinsel. Nat\u00fcrlich finden Sie alles in der K\u00fcche, was Sie ben\u00f6tigen: Gl\u00e4ser, Geschirr, T\u00f6pfe und alles Weitere sind nat\u00fcrlich reichhaltig vorhanden.\n<\/p>\n<p><h5>Zimmer<\/h5>\n<p>Insgesamt verf\u00fcgt das 268 qm\u00b2 gro\u00dfe Haus \u00fcber vier Schlafzimmer. Eines davon ist der sogenannte gro\u00dfe Master-Bedroom mit Meerblick. Dieser verf\u00fcgt nicht nur \u00fcber eine eigene Au\u00dfenterrasse, Bad\/Toilette, sondern auch um einen weiteren (Indoor-) Jacuzzi, selbstverst\u00e4ndlich ebenfalls mit traumhaften Meerblick.<\/p>\n<p>Die weiteren drei Schlafzimmer sind jeweils mit Boxspring-Doppelbetten ausgestattet. Sehr problemlos k\u00f6nnen also mindestens <strong>8 Personen<\/strong> bequem n\u00e4chtigen. Insgesamt verf\u00fcgt das Haus nat\u00fcrlich \u00fcber drei separate vollwertige Badezimmer mit Duschen.<\/p>\n<p>Eines der weiteren Schlafzimmer hat ebenfalls eine gro\u00dfe Au\u00dfenterrasse mit unverwechselbaren Blick auf das Meer und in die Berge. Die beiden weiteren Schlafzimmer liegen zur Hangseite und sind damit angenehm schattig.\n<\/p>\n<p><h5>Technik<\/h5>\n<p>Im gesamten Haus, auf dem Grundst\u00fcck und auch in jedem Schlafzimmer ist ein leistungsstarkes <strong>WLAN<\/strong> vorhanden. \u00dcber ein vorhandenes Tablett k\u00f6nnen Sie auch aus Spotify \u00fcber das Sonos-System alle ihre Lieblingslieder abspielen. Mehrere Fernseher sind selbstverst\u00e4ndlich ebenfalls vorhanden. Rauch- und Gasmelder, sowie eine Alarmanlage sorgen f\u00fcr absolute Sicherheit.\n<\/p>\n<p><h5>Ausstattung \/Klima<\/h5>\n<p>Neben der modernen Ausstattung versteht es sich von selbst, dass alle R\u00e4ume \u00fcber Jalousien und <strong>Klimaanlage <\/strong>verf\u00fcgen. In den Schlafzimmern ist teilweise sogar eine Heizung vorhanden.<\/p>\n<p>Diese traumhaft sch\u00f6ne Villa l\u00e4sst keine W\u00fcnsche offen. Eine moderne Ausstattung sorgt f\u00fcr jeglichen Komfort. Auch f\u00fcr den j\u00fcngeren Nachwuchs ist ein Kinderbett, Babyphone, Hochstuhl und eine Kinderwanne vorhanden.<\/p>\n<p>Die voll eingerichtete K\u00fcche l\u00e4sst keine W\u00fcnsche offen. Geschirrsp\u00fclmaschine, Waschmaschine und auch ein B\u00fcgeleisen sind Selbstverst\u00e4ndlichkeiten. Ihr Fahrzeug k\u00f6nnen Sie ggf. auch in der hauseigenen Garage parken.<\/p>\n<p>Wir freuen uns sehr, Sie mit Ihrer Familie oder Freunden als G\u00e4ste begr\u00fc\u00dfen zu d\u00fcrfen!<\/p>\n","protected":false},"excerpt":{"rendered":"<p>Traumvilla mit Meerblick bei Alanya in Kargicak Ausblick Besonders sch\u00f6n ist der unvergleichliche Blick von der \u00fcberdachten Veranda auf die t\u00fcrkische Riviera. Einmalig und ganz besonders ist diese Aussicht auf ein breites Meerespanorama. Sowohl tags\u00fcber &hellip;<\/p>\n","protected":false},"author":1,"featured_media":0,"parent":0,"menu_order":0,"comment_status":"closed","ping_status":"closed","template":"","meta":[],"_links":{"self":[{"href":"https:\/\/ferienwohnung.amd-net.de\/index.php\/wp-json\/wp\/v2\/pages\/13"}],"collection":[{"href":"https:\/\/ferienwohnung.amd-net.de\/index.php\/wp-json\/wp\/v2\/pages"}],"about":[{"href":"https:\/\/ferienwohnung.amd-net.de\/index.php\/wp-json\/wp\/v2\/types\/page"}],"author":[{"embeddable":true,"href":"https:\/\/ferienwohnung.amd-net.de\/index.php\/wp-json\/wp\/v2\/users\/1"}],"replies":[{"embeddable":true,"href":"https:\/\/ferienwohnung.amd-net.de\/index.php\/wp-json\/wp\/v2\/comments?post=13"}],"version-history":[{"count":13,"href":"https:\/\/ferienwohnung.amd-net.de\/index.php\/wp-json\/wp\/v2\/pages\/13\/revisions"}],"predecessor-version":[{"id":218,"href":"https:\/\/ferienwohnung.amd-net.de\/index.php\/wp-json\/wp\/v2\/pages\/13\/revisions\/218"}],"wp:attachment":[{"href":"https:\/\/ferienwohnung.amd-net.de\/index.php\/wp-json\/wp\/v2\/media?parent=13"}],"curies":[{"name":"wp","href":"https:\/\/api.w.org\/{rel}","templated":true}]}}